{"id":1848,"date":"2022-01-21T19:40:14","date_gmt":"2022-01-21T19:40:14","guid":{"rendered":"https:\/\/149-invest.de\/?page_id=1848"},"modified":"2022-03-02T17:42:18","modified_gmt":"2022-03-02T17:42:18","slug":"firma","status":"publish","type":"page","link":"https:\/\/149-invest.de\/en\/firma\/","title":{"rendered":"Company"},"content":{"rendered":"<div data-elementor-type=\"wp-page\" data-elementor-id=\"1848\" class=\"elementor elementor-1848\">\n\t\t\t\t\t\t\t\t\t<section class=\"elementor-section elementor-top-section elementor-element elementor-element-cd49297 elementor-section-boxed elementor-section-height-default elementor-section-height-default\" data-id=\"cd49297\" data-element_type=\"section\" data-settings=\"{&quot;background_background&quot;:&quot;classic&quot;}\">\n\t\t\t\t\t\t<div class=\"elementor-container elementor-column-gap-default\">\n\t\t\t\t\t<div class=\"elementor-column elementor-col-100 elementor-top-column elementor-element elementor-element-04bd7ce\" data-id=\"04bd7ce\" data-element_type=\"column\">\n\t\t\t<div class=\"elementor-widget-wrap elementor-element-populated\">\n\t\t\t\t\t\t\t\t<div class=\"elementor-element elementor-element-ad3b90c elementor-widget elementor-widget-heading\" data-id=\"ad3b90c\" data-element_type=\"widget\" data-widget_type=\"heading.default\">\n\t\t\t\t<div class=\"elementor-widget-container\">\n\t\t\t<style>\/*! elementor - v3.7.8 - 02-10-2022 *\/\n.elementor-heading-title{padding:0;margin:0;line-height:1}.elementor-widget-heading .elementor-heading-title[class*=elementor-size-]>a{color:inherit;font-size:inherit;line-height:inherit}.elementor-widget-heading .elementor-heading-title.elementor-size-small{font-size:15px}.elementor-widget-heading .elementor-heading-title.elementor-size-medium{font-size:19px}.elementor-widget-heading .elementor-heading-title.elementor-size-large{font-size:29px}.elementor-widget-heading .elementor-heading-title.elementor-size-xl{font-size:39px}.elementor-widget-heading .elementor-heading-title.elementor-size-xxl{font-size:59px}<\/style><h1 class=\"elementor-heading-title elementor-size-default\">1-4-9 Invest Group<\/h1>\t\t<\/div>\n\t\t\t\t<\/div>\n\t\t\t\t<div class=\"elementor-element elementor-element-aa6ac40 elementor-widget elementor-widget-text-editor\" data-id=\"aa6ac40\" data-element_type=\"widget\" data-widget_type=\"text-editor.default\">\n\t\t\t\t<div class=\"elementor-widget-container\">\n\t\t\t<style>\/*! elementor - v3.7.8 - 02-10-2022 *\/\n.elementor-widget-text-editor.elementor-drop-cap-view-stacked .elementor-drop-cap{background-color:#818a91;color:#fff}.elementor-widget-text-editor.elementor-drop-cap-view-framed .elementor-drop-cap{color:#818a91;border:3px solid;background-color:transparent}.elementor-widget-text-editor:not(.elementor-drop-cap-view-default) .elementor-drop-cap{margin-top:8px}.elementor-widget-text-editor:not(.elementor-drop-cap-view-default) .elementor-drop-cap-letter{width:1em;height:1em}.elementor-widget-text-editor .elementor-drop-cap{float:left;text-align:center;line-height:1;font-size:50px}.elementor-widget-text-editor .elementor-drop-cap-letter{display:inline-block}<\/style>\t\t\t\tBusiness model\t\t\t\t\t\t<\/div>\n\t\t\t\t<\/div>\n\t\t\t\t\t<\/div>\n\t\t<\/div>\n\t\t\t\t\t\t\t<\/div>\n\t\t<\/section>\n\t\t\t\t<section class=\"elementor-section elementor-top-section elementor-element elementor-element-4426ce3 elementor-hidden-desktop elementor-hidden-tablet elementor-section-boxed elementor-section-height-default elementor-section-height-default\" data-id=\"4426ce3\" data-element_type=\"section\">\n\t\t\t\t\t\t<div class=\"elementor-container elementor-column-gap-default\">\n\t\t\t\t\t<div class=\"elementor-column elementor-col-50 elementor-top-column elementor-element elementor-element-a31f5db\" data-id=\"a31f5db\" data-element_type=\"column\">\n\t\t\t<div class=\"elementor-widget-wrap elementor-element-populated\">\n\t\t\t\t\t\t\t\t<div class=\"elementor-element elementor-element-6491db3 elementor-widget elementor-widget-text-editor\" data-id=\"6491db3\" data-element_type=\"widget\" data-widget_type=\"text-editor.default\">\n\t\t\t\t<div class=\"elementor-widget-container\">\n\t\t\t\t\t\t\tOur philosophy\t\t\t\t\t\t<\/div>\n\t\t\t\t<\/div>\n\t\t\t\t<div class=\"elementor-element elementor-element-901b3f1 elementor-widget elementor-widget-image\" data-id=\"901b3f1\" data-element_type=\"widget\" data-widget_type=\"image.default\">\n\t\t\t\t<div class=\"elementor-widget-container\">\n\t\t\t<style>\/*! elementor - v3.7.8 - 02-10-2022 *\/\n.elementor-widget-image{text-align:center}.elementor-widget-image a{display:inline-block}.elementor-widget-image a img[src$=\".svg\"]{width:48px}.elementor-widget-image img{vertical-align:middle;display:inline-block}<\/style>\t\t\t\t\t\t\t\t\t\t\t\t<img loading=\"lazy\" decoding=\"async\" width=\"800\" height=\"285\" src=\"https:\/\/149-invest.de\/wp-content\/uploads\/2022\/02\/monolith-english-2.png\" class=\"attachment-large size-large\" alt=\"\" srcset=\"https:\/\/149-invest.de\/wp-content\/uploads\/2022\/02\/monolith-english-2.png 2216w, https:\/\/149-invest.de\/wp-content\/uploads\/2022\/02\/monolith-english-2-300x99.png 300w, https:\/\/149-invest.de\/wp-content\/uploads\/2022\/02\/monolith-english-2-1024x338.png 1024w, https:\/\/149-invest.de\/wp-content\/uploads\/2022\/02\/monolith-english-2-768x254.png 768w, https:\/\/149-invest.de\/wp-content\/uploads\/2022\/02\/monolith-english-2-1536x507.png 1536w, https:\/\/149-invest.de\/wp-content\/uploads\/2022\/02\/monolith-english-2-2048x677.png 2048w, https:\/\/149-invest.de\/wp-content\/uploads\/2022\/02\/monolith-english-2-18x6.png 18w\" sizes=\"auto, (max-width: 800px) 100vw, 800px\" \/>\t\t\t\t\t\t\t\t\t\t\t\t\t\t\t<\/div>\n\t\t\t\t<\/div>\n\t\t\t\t<div class=\"elementor-element elementor-element-cfd11fe elementor-widget elementor-widget-text-editor\" data-id=\"cfd11fe\" data-element_type=\"widget\" data-widget_type=\"text-editor.default\">\n\t\t\t\t<div class=\"elementor-widget-container\">\n\t\t\t\t\t\t\t<p>\"Perfection and clarity (as in a monolith) is what drives us - it's how we achieve the most attractive risk-return profiles in our investments. We have always been convinced that the right \"aspect ratio\" of energy transition, sustainability and local value creation can be combined to deliver outstanding returns.\u201d<\/p><p><em>The initiators of the 1-4-9 fund<\/em><\/p>\t\t\t\t\t\t<\/div>\n\t\t\t\t<\/div>\n\t\t\t\t\t<\/div>\n\t\t<\/div>\n\t\t\t\t<div class=\"elementor-column elementor-col-50 elementor-top-column elementor-element elementor-element-386e3f4\" data-id=\"386e3f4\" data-element_type=\"column\">\n\t\t\t<div class=\"elementor-widget-wrap elementor-element-populated\">\n\t\t\t\t\t\t\t\t<div class=\"elementor-element elementor-element-5f9efd5 elementor-widget elementor-widget-text-editor\" data-id=\"5f9efd5\" data-element_type=\"widget\" data-widget_type=\"text-editor.default\">\n\t\t\t\t<div class=\"elementor-widget-container\">\n\t\t\t\t\t\t\t<p style=\"text-align: left;\" class=\" translation-block\">As<b> experienced sectoral experts, investors, entrepreneurs, fund initiators and project finance specialists<\/b> in the field of renewable energies, cleantech and sustainability, we founded 1-4-9 Invest Group in Hamburg as an investment boutique and asset manager for alternative investments. We focus on growth and project financing of ESG-compliant <b>sustainable equity investments.<\/b><\/p>\t\t\t\t\t\t<\/div>\n\t\t\t\t<\/div>\n\t\t\t\t<div class=\"elementor-element elementor-element-1c09b73 elementor-widget elementor-widget-text-editor\" data-id=\"1c09b73\" data-element_type=\"widget\" data-widget_type=\"text-editor.default\">\n\t\t\t\t<div class=\"elementor-widget-container\">\n\t\t\t\t\t\t\t<p style=\"text-align: left;\" class=\" translation-block\">Our investors are funds managed by us, entrepreneurs, family offices, institutional investors and foundations who are looking for a perfect balance between<b> sustainability and return.<\/b><\/p>\n<p style=\"text-align: left;\" class=\" translation-block\">We structure and manage equity investments in technology companies and projects as well as project developments in the fields of <b>sustainability, renewable energies and cleantech,<\/b> concentrating on:<\/p>\t\t\t\t\t\t<\/div>\n\t\t\t\t<\/div>\n\t\t\t\t<div class=\"elementor-element elementor-element-1a6ac39 elementor-icon-list--layout-traditional elementor-list-item-link-full_width elementor-widget elementor-widget-icon-list\" data-id=\"1a6ac39\" data-element_type=\"widget\" data-widget_type=\"icon-list.default\">\n\t\t\t\t<div class=\"elementor-widget-container\">\n\t\t\t<link rel=\"stylesheet\" href=\"https:\/\/149-invest.de\/wp-content\/plugins\/elementor\/assets\/css\/widget-icon-list.min.css\">\t\t<ul class=\"elementor-icon-list-items\">\n\t\t\t\t\t\t\t<li class=\"elementor-icon-list-item translation-block\"><span class=\"elementor-icon-list-icon\">\n\t\t\t\t\t\t\t<i aria-hidden=\"true\" class=\"fas fa-circle\"><\/i>\t\t\t\t\t\t<\/span>\n\t\t\t\t\t\t\t\t\t\t<span class=\"elementor-icon-list-text\">Equity investments in <b>technology companies<\/b> at the late-stage venture and (early) growth phases in large or strongly growing markets<\/span><\/li>\n\t\t\t\t\t\t<\/ul>\n\t\t\t\t<\/div>\n\t\t\t\t<\/div>\n\t\t\t\t<div class=\"elementor-element elementor-element-93d9d86 elementor-icon-list--layout-traditional elementor-list-item-link-full_width elementor-widget elementor-widget-icon-list\" data-id=\"93d9d86\" data-element_type=\"widget\" data-widget_type=\"icon-list.default\">\n\t\t\t\t<div class=\"elementor-widget-container\">\n\t\t\t\t\t<ul class=\"elementor-icon-list-items\">\n\t\t\t\t\t\t\t<li class=\"elementor-icon-list-item translation-block\"><span class=\"elementor-icon-list-icon\">\n\t\t\t\t\t\t\t<i aria-hidden=\"true\" class=\"fas fa-circle\"><\/i>\t\t\t\t\t\t<\/span>\n\t\t\t\t\t\t\t\t\t\t<span class=\"elementor-icon-list-text\">Majority or minority shareholdings in <b>projects \/ project developments<\/b> (solar, wind power, hydrogen, power to X, (green) recycling, hydro \/ water treatment, energy storage technologies, e-mobility, e-infrastructure and similar).<\/span><\/li>\n\t\t\t\t\t\t<\/ul>\n\t\t\t\t<\/div>\n\t\t\t\t<\/div>\n\t\t\t\t<div class=\"elementor-element elementor-element-1287b6f elementor-widget elementor-widget-text-editor\" data-id=\"1287b6f\" data-element_type=\"widget\" data-widget_type=\"text-editor.default\">\n\t\t\t\t<div class=\"elementor-widget-container\">\n\t\t\t\t\t\t\t<p style=\"text-align: left;\" class=\" translation-block\">In addition to the equity investment through our investors, we are supporting companies and projects in partnership with our <b>highly experienced industry partners <\/b>(entrepreneurs, project operators, capital market experts, project finance specialists, engineers, lawyers), as well as by our broad network and knowledge.<\/p>\t\t\t\t\t\t<\/div>\n\t\t\t\t<\/div>\n\t\t\t\t\t<\/div>\n\t\t<\/div>\n\t\t\t\t\t\t\t<\/div>\n\t\t<\/section>\n\t\t\t\t<section class=\"elementor-section elementor-top-section elementor-element elementor-element-92fb8b2 elementor-hidden-mobile elementor-section-boxed elementor-section-height-default elementor-section-height-default\" data-id=\"92fb8b2\" data-element_type=\"section\">\n\t\t\t\t\t\t<div class=\"elementor-container elementor-column-gap-default\">\n\t\t\t\t\t<div class=\"elementor-column elementor-col-50 elementor-top-column elementor-element elementor-element-decb70a\" data-id=\"decb70a\" data-element_type=\"column\">\n\t\t\t<div class=\"elementor-widget-wrap elementor-element-populated\">\n\t\t\t\t\t\t\t\t<div class=\"elementor-element elementor-element-b947f93 elementor-widget elementor-widget-text-editor\" data-id=\"b947f93\" data-element_type=\"widget\" data-widget_type=\"text-editor.default\">\n\t\t\t\t<div class=\"elementor-widget-container\">\n\t\t\t\t\t\t\t<p style=\"text-align: left;\" class=\" translation-block\">As<b> experienced sectoral experts, investors, entrepreneurs, fund initiators and project finance specialists<\/b> in the field of renewable energies, cleantech and sustainability, we founded 1-4-9 Invest Group in Hamburg as an investment boutique and asset manager for alternative investments. We focus on growth and project financing of ESG-compliant <b>sustainable equity investments.<\/b><\/p>\t\t\t\t\t\t<\/div>\n\t\t\t\t<\/div>\n\t\t\t\t<div class=\"elementor-element elementor-element-3e83423 elementor-widget elementor-widget-text-editor\" data-id=\"3e83423\" data-element_type=\"widget\" data-widget_type=\"text-editor.default\">\n\t\t\t\t<div class=\"elementor-widget-container\">\n\t\t\t\t\t\t\t<p style=\"text-align: left;\" class=\" translation-block\">Our investors are funds managed by us, entrepreneurs, family offices, institutional investors and foundations who are looking for a perfect balance between<b> sustainability and return.<\/b><\/p>\n<p style=\"text-align: left;\" class=\" translation-block\">We structure and manage equity investments in technology companies and projects as well as project developments in the fields of <b>sustainability, renewable energies and cleantech,<\/b> concentrating on:<\/p>\t\t\t\t\t\t<\/div>\n\t\t\t\t<\/div>\n\t\t\t\t<div class=\"elementor-element elementor-element-1e2359b elementor-icon-list--layout-traditional elementor-list-item-link-full_width elementor-widget elementor-widget-icon-list\" data-id=\"1e2359b\" data-element_type=\"widget\" data-widget_type=\"icon-list.default\">\n\t\t\t\t<div class=\"elementor-widget-container\">\n\t\t\t\t\t<ul class=\"elementor-icon-list-items\">\n\t\t\t\t\t\t\t<li class=\"elementor-icon-list-item translation-block\"><span class=\"elementor-icon-list-icon\">\n\t\t\t\t\t\t\t<i aria-hidden=\"true\" class=\"fas fa-circle\"><\/i>\t\t\t\t\t\t<\/span>\n\t\t\t\t\t\t\t\t\t\t<span class=\"elementor-icon-list-text\">Equity investments in <b>technology companies<\/b> at the late-stage venture and (early) growth phases in large or strongly growing markets<\/span><\/li>\n\t\t\t\t\t\t<\/ul>\n\t\t\t\t<\/div>\n\t\t\t\t<\/div>\n\t\t\t\t<div class=\"elementor-element elementor-element-1ff0cc7 elementor-icon-list--layout-traditional elementor-list-item-link-full_width elementor-widget elementor-widget-icon-list\" data-id=\"1ff0cc7\" data-element_type=\"widget\" data-widget_type=\"icon-list.default\">\n\t\t\t\t<div class=\"elementor-widget-container\">\n\t\t\t\t\t<ul class=\"elementor-icon-list-items\">\n\t\t\t\t\t\t\t<li class=\"elementor-icon-list-item translation-block\"><span class=\"elementor-icon-list-icon\">\n\t\t\t\t\t\t\t<i aria-hidden=\"true\" class=\"fas fa-circle\"><\/i>\t\t\t\t\t\t<\/span>\n\t\t\t\t\t\t\t\t\t\t<span class=\"elementor-icon-list-text\">Majority or minority shareholdings in <b>projects \/ project developments<\/b> (solar, wind power, hydrogen, power to X, (green) recycling, hydro \/ water treatment, energy storage technologies, e-mobility, e-infrastructure and similar).<\/span><\/li>\n\t\t\t\t\t\t<\/ul>\n\t\t\t\t<\/div>\n\t\t\t\t<\/div>\n\t\t\t\t<div class=\"elementor-element elementor-element-6b97bcd elementor-widget elementor-widget-text-editor\" data-id=\"6b97bcd\" data-element_type=\"widget\" data-widget_type=\"text-editor.default\">\n\t\t\t\t<div class=\"elementor-widget-container\">\n\t\t\t\t\t\t\t<p style=\"text-align: left;\">In addition to the equity investment through our investors, we are supporting companies and projects in partnership with our&nbsp;<b>highly experienced dedicated team&nbsp;<\/b>(entrepreneurs, project operators, capital market experts, project finance specialists, engineers, lawyers), as well as by our broad network and knowledge.<\/p>\t\t\t\t\t\t<\/div>\n\t\t\t\t<\/div>\n\t\t\t\t\t<\/div>\n\t\t<\/div>\n\t\t\t\t<div class=\"elementor-column elementor-col-50 elementor-top-column elementor-element elementor-element-bc15739\" data-id=\"bc15739\" data-element_type=\"column\">\n\t\t\t<div class=\"elementor-widget-wrap elementor-element-populated\">\n\t\t\t\t\t\t\t\t<div class=\"elementor-element elementor-element-ff71876 elementor-widget elementor-widget-text-editor\" data-id=\"ff71876\" data-element_type=\"widget\" data-widget_type=\"text-editor.default\">\n\t\t\t\t<div class=\"elementor-widget-container\">\n\t\t\t\t\t\t\tOur philosophy\t\t\t\t\t\t<\/div>\n\t\t\t\t<\/div>\n\t\t\t\t<div class=\"elementor-element elementor-element-88ecb0b elementor-widget elementor-widget-image\" data-id=\"88ecb0b\" data-element_type=\"widget\" data-widget_type=\"image.default\">\n\t\t\t\t<div class=\"elementor-widget-container\">\n\t\t\t\t\t\t\t\t\t\t\t\t\t\t\t<img loading=\"lazy\" decoding=\"async\" width=\"1476\" height=\"526\" src=\"https:\/\/149-invest.de\/wp-content\/uploads\/2022\/02\/monolith-english-2.png\" class=\"attachment-full size-full\" alt=\"\" srcset=\"https:\/\/149-invest.de\/wp-content\/uploads\/2022\/02\/monolith-english-2.png 2216w, https:\/\/149-invest.de\/wp-content\/uploads\/2022\/02\/monolith-english-2-300x99.png 300w, https:\/\/149-invest.de\/wp-content\/uploads\/2022\/02\/monolith-english-2-1024x338.png 1024w, https:\/\/149-invest.de\/wp-content\/uploads\/2022\/02\/monolith-english-2-768x254.png 768w, https:\/\/149-invest.de\/wp-content\/uploads\/2022\/02\/monolith-english-2-1536x507.png 1536w, https:\/\/149-invest.de\/wp-content\/uploads\/2022\/02\/monolith-english-2-2048x677.png 2048w, https:\/\/149-invest.de\/wp-content\/uploads\/2022\/02\/monolith-english-2-18x6.png 18w\" sizes=\"auto, (max-width: 1476px) 100vw, 1476px\" \/>\t\t\t\t\t\t\t\t\t\t\t\t\t\t\t<\/div>\n\t\t\t\t<\/div>\n\t\t\t\t<div class=\"elementor-element elementor-element-192f3e5 elementor-widget elementor-widget-text-editor\" data-id=\"192f3e5\" data-element_type=\"widget\" data-widget_type=\"text-editor.default\">\n\t\t\t\t<div class=\"elementor-widget-container\">\n\t\t\t\t\t\t\t<p>\"Perfection and clarity (as in a monolith) is what drives us - it's how we achieve the most attractive risk-return profiles in our investments. We have always been convinced that the right \"aspect ratio\" of energy transition, sustainability and local value creation can be combined to deliver outstanding returns.\u201d<\/p><p><em>The initiators of the 1-4-9 fund<\/em><\/p>\t\t\t\t\t\t<\/div>\n\t\t\t\t<\/div>\n\t\t\t\t\t<\/div>\n\t\t<\/div>\n\t\t\t\t\t\t\t<\/div>\n\t\t<\/section>\n\t\t\t\t<section class=\"elementor-section elementor-top-section elementor-element elementor-element-78e3d127 elementor-section-boxed elementor-section-height-default elementor-section-height-default\" data-id=\"78e3d127\" data-element_type=\"section\">\n\t\t\t\t\t\t<div class=\"elementor-container elementor-column-gap-default\">\n\t\t\t\t\t<div class=\"elementor-column elementor-col-100 elementor-top-column elementor-element elementor-element-66b7856f\" data-id=\"66b7856f\" data-element_type=\"column\">\n\t\t\t<div class=\"elementor-widget-wrap\">\n\t\t\t\t\t\t\t\t\t<\/div>\n\t\t<\/div>\n\t\t\t\t\t\t\t<\/div>\n\t\t<\/section>\n\t\t\t\t\t\t\t<\/div>","protected":false},"excerpt":{"rendered":"<p>1-4-9 Invest Group Business ModellUnsere Philosophie Perfektion und Klarheit (wie bei einem Monolithen) ist das, was uns antreibt &#8211; hier\u00fcber erreichen wir die attraktivsten Rendite-\/Risikoverh\u00e4ltnisse bei unseren Investments. Wir sind davon \u00fcberzeugt, dass sich die Energiewende, Nachhaltigkeit und lokale Wertsch\u00f6pfung im richtigen (Seiten-)Verh\u00e4ltnis zu hervorragender Rendite kombinieren lassen.\u201c Die Initiatoren des 1-4-9 Fonds Als langj\u00e4hrige [&hellip;]<\/p>","protected":false},"author":1,"featured_media":0,"parent":0,"menu_order":0,"comment_status":"closed","ping_status":"closed","template":"elementor_header_footer","meta":{"footnotes":""},"class_list":["post-1848","page","type-page","status-publish","hentry"],"_links":{"self":[{"href":"https:\/\/149-invest.de\/en\/wp-json\/wp\/v2\/pages\/1848","targetHints":{"allow":["GET"]}}],"collection":[{"href":"https:\/\/149-invest.de\/en\/wp-json\/wp\/v2\/pages"}],"about":[{"href":"https:\/\/149-invest.de\/en\/wp-json\/wp\/v2\/types\/page"}],"author":[{"embeddable":true,"href":"https:\/\/149-invest.de\/en\/wp-json\/wp\/v2\/users\/1"}],"replies":[{"embeddable":true,"href":"https:\/\/149-invest.de\/en\/wp-json\/wp\/v2\/comments?post=1848"}],"version-history":[{"count":281,"href":"https:\/\/149-invest.de\/en\/wp-json\/wp\/v2\/pages\/1848\/revisions"}],"predecessor-version":[{"id":4252,"href":"https:\/\/149-invest.de\/en\/wp-json\/wp\/v2\/pages\/1848\/revisions\/4252"}],"wp:attachment":[{"href":"https:\/\/149-invest.de\/en\/wp-json\/wp\/v2\/media?parent=1848"}],"curies":[{"name":"wp","href":"https:\/\/api.w.org\/{rel}","templated":true}]}}